{"id":807,"date":"2022-11-18T15:30:07","date_gmt":"2022-11-18T15:30:07","guid":{"rendered":"https:\/\/valentinocukraszda.hu\/?post_type=product&#038;p=807"},"modified":"2025-09-02T17:27:20","modified_gmt":"2025-09-02T17:27:20","slug":"nutellas-virag","status":"publish","type":"product","link":"https:\/\/valentinocukraszda.hu\/index.php\/product\/nutellas-virag\/","title":{"rendered":"Nutell\u00e1s vir\u00e1g"},"content":{"rendered":"<p>1 kg nutell\u00e1s vir\u00e1g<\/p>\n","protected":false},"excerpt":{"rendered":"<p>1 kg nutell\u00e1s vir\u00e1g<\/p>\n","protected":false},"featured_media":791,"comment_status":"closed","ping_status":"closed","template":"","meta":[],"product_cat":[29],"product_tag":[],"class_list":["post-807","product","type-product","status-publish","has-post-thumbnail","hentry","product_cat-edesseg"],"_links":{"self":[{"href":"https:\/\/valentinocukraszda.hu\/index.php\/wp-json\/wp\/v2\/product\/807","targetHints":{"allow":["GET"]}}],"collection":[{"href":"https:\/\/valentinocukraszda.hu\/index.php\/wp-json\/wp\/v2\/product"}],"about":[{"href":"https:\/\/valentinocukraszda.hu\/index.php\/wp-json\/wp\/v2\/types\/product"}],"replies":[{"embeddable":true,"href":"https:\/\/valentinocukraszda.hu\/index.php\/wp-json\/wp\/v2\/comments?post=807"}],"wp:featuredmedia":[{"embeddable":true,"href":"https:\/\/valentinocukraszda.hu\/index.php\/wp-json\/wp\/v2\/media\/791"}],"wp:attachment":[{"href":"https:\/\/valentinocukraszda.hu\/index.php\/wp-json\/wp\/v2\/media?parent=807"}],"wp:term":[{"taxonomy":"product_cat","embeddable":true,"href":"https:\/\/valentinocukraszda.hu\/index.php\/wp-json\/wp\/v2\/product_cat?post=807"},{"taxonomy":"product_tag","embeddable":true,"href":"https:\/\/valentinocukraszda.hu\/index.php\/wp-json\/wp\/v2\/product_tag?post=807"}],"curies":[{"name":"wp","href":"https:\/\/api.w.org\/{rel}","templated":true}]}}