{"id":796,"date":"2022-11-18T15:20:02","date_gmt":"2022-11-18T15:20:02","guid":{"rendered":"https:\/\/valentinocukraszda.hu\/?post_type=product&#038;p=796"},"modified":"2025-09-02T17:29:03","modified_gmt":"2025-09-02T17:29:03","slug":"796","status":"publish","type":"product","link":"https:\/\/valentinocukraszda.hu\/index.php\/product\/796\/","title":{"rendered":"Zserb\u00f3"},"content":{"rendered":"<p>1 kg zserb\u00f3 st\u00fcem\u00e9ny<\/p>\n","protected":false},"excerpt":{"rendered":"<p>1 kg zserb\u00f3 st\u00fcem\u00e9ny<\/p>\n","protected":false},"featured_media":786,"comment_status":"closed","ping_status":"closed","template":"","meta":[],"product_cat":[29],"product_tag":[],"class_list":["post-796","product","type-product","status-publish","has-post-thumbnail","hentry","product_cat-edesseg"],"_links":{"self":[{"href":"https:\/\/valentinocukraszda.hu\/index.php\/wp-json\/wp\/v2\/product\/796","targetHints":{"allow":["GET"]}}],"collection":[{"href":"https:\/\/valentinocukraszda.hu\/index.php\/wp-json\/wp\/v2\/product"}],"about":[{"href":"https:\/\/valentinocukraszda.hu\/index.php\/wp-json\/wp\/v2\/types\/product"}],"replies":[{"embeddable":true,"href":"https:\/\/valentinocukraszda.hu\/index.php\/wp-json\/wp\/v2\/comments?post=796"}],"wp:featuredmedia":[{"embeddable":true,"href":"https:\/\/valentinocukraszda.hu\/index.php\/wp-json\/wp\/v2\/media\/786"}],"wp:attachment":[{"href":"https:\/\/valentinocukraszda.hu\/index.php\/wp-json\/wp\/v2\/media?parent=796"}],"wp:term":[{"taxonomy":"product_cat","embeddable":true,"href":"https:\/\/valentinocukraszda.hu\/index.php\/wp-json\/wp\/v2\/product_cat?post=796"},{"taxonomy":"product_tag","embeddable":true,"href":"https:\/\/valentinocukraszda.hu\/index.php\/wp-json\/wp\/v2\/product_tag?post=796"}],"curies":[{"name":"wp","href":"https:\/\/api.w.org\/{rel}","templated":true}]}}