{"id":5393,"date":"2024-12-19T09:09:44","date_gmt":"2024-12-19T09:09:44","guid":{"rendered":"https:\/\/valentinocukraszda.hu\/?post_type=product&#038;p=5393"},"modified":"2025-11-25T15:06:50","modified_gmt":"2025-11-25T15:06:50","slug":"fehercsokis-pisztacias-bejgli","status":"publish","type":"product","link":"https:\/\/valentinocukraszda.hu\/index.php\/product\/fehercsokis-pisztacias-bejgli\/","title":{"rendered":"Feh\u00e9rcsokis-piszt\u00e1ci\u00e1s bejgli"},"content":{"rendered":"<p>500 g feh\u00e9rcsokis-piszt\u00e1ci\u00e1s bejgli<\/p>\n","protected":false},"excerpt":{"rendered":"<p>500 g feh\u00e9rcsokis-piszt\u00e1ci\u00e1s bejgli<\/p>\n","protected":false},"featured_media":5396,"comment_status":"closed","ping_status":"closed","template":"","meta":[],"product_cat":[30],"product_tag":[],"class_list":["post-5393","product","type-product","status-publish","has-post-thumbnail","hentry","product_cat-bejgli"],"_links":{"self":[{"href":"https:\/\/valentinocukraszda.hu\/index.php\/wp-json\/wp\/v2\/product\/5393","targetHints":{"allow":["GET"]}}],"collection":[{"href":"https:\/\/valentinocukraszda.hu\/index.php\/wp-json\/wp\/v2\/product"}],"about":[{"href":"https:\/\/valentinocukraszda.hu\/index.php\/wp-json\/wp\/v2\/types\/product"}],"replies":[{"embeddable":true,"href":"https:\/\/valentinocukraszda.hu\/index.php\/wp-json\/wp\/v2\/comments?post=5393"}],"wp:featuredmedia":[{"embeddable":true,"href":"https:\/\/valentinocukraszda.hu\/index.php\/wp-json\/wp\/v2\/media\/5396"}],"wp:attachment":[{"href":"https:\/\/valentinocukraszda.hu\/index.php\/wp-json\/wp\/v2\/media?parent=5393"}],"wp:term":[{"taxonomy":"product_cat","embeddable":true,"href":"https:\/\/valentinocukraszda.hu\/index.php\/wp-json\/wp\/v2\/product_cat?post=5393"},{"taxonomy":"product_tag","embeddable":true,"href":"https:\/\/valentinocukraszda.hu\/index.php\/wp-json\/wp\/v2\/product_tag?post=5393"}],"curies":[{"name":"wp","href":"https:\/\/api.w.org\/{rel}","templated":true}]}}