{"id":442,"date":"2022-06-26T16:59:14","date_gmt":"2022-06-26T16:59:14","guid":{"rendered":"https:\/\/valentinocukraszda.hu\/?post_type=product&#038;p=442"},"modified":"2025-09-02T17:31:37","modified_gmt":"2025-09-02T17:31:37","slug":"tepertos-pogacsa","status":"publish","type":"product","link":"https:\/\/valentinocukraszda.hu\/index.php\/product\/tepertos-pogacsa\/","title":{"rendered":"Bety\u00e1r pog\u00e1csa"},"content":{"rendered":"<p>1 kg h\u00e1zi k\u00e9sz\u00edt\u00e9s\u0171 bety\u00e1r pog\u00e1csa<\/p>\n","protected":false},"excerpt":{"rendered":"<p>1 kg h\u00e1zi k\u00e9sz\u00edt\u00e9s\u0171 bety\u00e1r pog\u00e1csa<\/p>\n","protected":false},"featured_media":487,"comment_status":"closed","ping_status":"closed","template":"","meta":[],"product_cat":[24],"product_tag":[],"class_list":["post-442","product","type-product","status-publish","has-post-thumbnail","hentry","product_cat-pogacsa"],"_links":{"self":[{"href":"https:\/\/valentinocukraszda.hu\/index.php\/wp-json\/wp\/v2\/product\/442","targetHints":{"allow":["GET"]}}],"collection":[{"href":"https:\/\/valentinocukraszda.hu\/index.php\/wp-json\/wp\/v2\/product"}],"about":[{"href":"https:\/\/valentinocukraszda.hu\/index.php\/wp-json\/wp\/v2\/types\/product"}],"replies":[{"embeddable":true,"href":"https:\/\/valentinocukraszda.hu\/index.php\/wp-json\/wp\/v2\/comments?post=442"}],"wp:featuredmedia":[{"embeddable":true,"href":"https:\/\/valentinocukraszda.hu\/index.php\/wp-json\/wp\/v2\/media\/487"}],"wp:attachment":[{"href":"https:\/\/valentinocukraszda.hu\/index.php\/wp-json\/wp\/v2\/media?parent=442"}],"wp:term":[{"taxonomy":"product_cat","embeddable":true,"href":"https:\/\/valentinocukraszda.hu\/index.php\/wp-json\/wp\/v2\/product_cat?post=442"},{"taxonomy":"product_tag","embeddable":true,"href":"https:\/\/valentinocukraszda.hu\/index.php\/wp-json\/wp\/v2\/product_tag?post=442"}],"curies":[{"name":"wp","href":"https:\/\/api.w.org\/{rel}","templated":true}]}}