{"id":441,"date":"2022-06-26T16:58:34","date_gmt":"2022-06-26T16:58:34","guid":{"rendered":"https:\/\/valentinocukraszda.hu\/?post_type=product&#038;p=441"},"modified":"2025-09-02T17:31:40","modified_gmt":"2025-09-02T17:31:40","slug":"burgonyas-pogacsa","status":"publish","type":"product","link":"https:\/\/valentinocukraszda.hu\/index.php\/product\/burgonyas-pogacsa\/","title":{"rendered":"Burgony\u00e1s pog\u00e1csa"},"content":{"rendered":"<p>1 kg h\u00e1zi k\u00e9sz\u00edt\u00e9s\u0171 burgony\u00e1s pog\u00e1csa<\/p>\n","protected":false},"excerpt":{"rendered":"<p>1 kg h\u00e1zi k\u00e9sz\u00edt\u00e9s\u0171 burgony\u00e1s pog\u00e1csa<\/p>\n","protected":false},"featured_media":489,"comment_status":"closed","ping_status":"closed","template":"","meta":[],"product_cat":[24],"product_tag":[],"class_list":["post-441","product","type-product","status-publish","has-post-thumbnail","hentry","product_cat-pogacsa"],"_links":{"self":[{"href":"https:\/\/valentinocukraszda.hu\/index.php\/wp-json\/wp\/v2\/product\/441","targetHints":{"allow":["GET"]}}],"collection":[{"href":"https:\/\/valentinocukraszda.hu\/index.php\/wp-json\/wp\/v2\/product"}],"about":[{"href":"https:\/\/valentinocukraszda.hu\/index.php\/wp-json\/wp\/v2\/types\/product"}],"replies":[{"embeddable":true,"href":"https:\/\/valentinocukraszda.hu\/index.php\/wp-json\/wp\/v2\/comments?post=441"}],"wp:featuredmedia":[{"embeddable":true,"href":"https:\/\/valentinocukraszda.hu\/index.php\/wp-json\/wp\/v2\/media\/489"}],"wp:attachment":[{"href":"https:\/\/valentinocukraszda.hu\/index.php\/wp-json\/wp\/v2\/media?parent=441"}],"wp:term":[{"taxonomy":"product_cat","embeddable":true,"href":"https:\/\/valentinocukraszda.hu\/index.php\/wp-json\/wp\/v2\/product_cat?post=441"},{"taxonomy":"product_tag","embeddable":true,"href":"https:\/\/valentinocukraszda.hu\/index.php\/wp-json\/wp\/v2\/product_tag?post=441"}],"curies":[{"name":"wp","href":"https:\/\/api.w.org\/{rel}","templated":true}]}}