{"id":1160,"date":"2024-04-22T16:04:32","date_gmt":"2024-04-22T16:04:32","guid":{"rendered":"https:\/\/valentinocukraszda.hu\/?post_type=product&#038;p=1160"},"modified":"2025-09-02T17:25:20","modified_gmt":"2025-09-02T17:25:20","slug":"medvekorom","status":"publish","type":"product","link":"https:\/\/valentinocukraszda.hu\/index.php\/product\/medvekorom\/","title":{"rendered":"Medvek\u00f6r\u00f6m"},"content":{"rendered":"<p>1 kg medvek\u00f6r\u00f6m<\/p>\n","protected":false},"excerpt":{"rendered":"<p>1 kg medvek\u00f6r\u00f6m<\/p>\n","protected":false},"featured_media":1161,"comment_status":"closed","ping_status":"closed","template":"","meta":[],"product_cat":[29],"product_tag":[],"class_list":["post-1160","product","type-product","status-publish","has-post-thumbnail","hentry","product_cat-edesseg"],"_links":{"self":[{"href":"https:\/\/valentinocukraszda.hu\/index.php\/wp-json\/wp\/v2\/product\/1160","targetHints":{"allow":["GET"]}}],"collection":[{"href":"https:\/\/valentinocukraszda.hu\/index.php\/wp-json\/wp\/v2\/product"}],"about":[{"href":"https:\/\/valentinocukraszda.hu\/index.php\/wp-json\/wp\/v2\/types\/product"}],"replies":[{"embeddable":true,"href":"https:\/\/valentinocukraszda.hu\/index.php\/wp-json\/wp\/v2\/comments?post=1160"}],"wp:featuredmedia":[{"embeddable":true,"href":"https:\/\/valentinocukraszda.hu\/index.php\/wp-json\/wp\/v2\/media\/1161"}],"wp:attachment":[{"href":"https:\/\/valentinocukraszda.hu\/index.php\/wp-json\/wp\/v2\/media?parent=1160"}],"wp:term":[{"taxonomy":"product_cat","embeddable":true,"href":"https:\/\/valentinocukraszda.hu\/index.php\/wp-json\/wp\/v2\/product_cat?post=1160"},{"taxonomy":"product_tag","embeddable":true,"href":"https:\/\/valentinocukraszda.hu\/index.php\/wp-json\/wp\/v2\/product_tag?post=1160"}],"curies":[{"name":"wp","href":"https:\/\/api.w.org\/{rel}","templated":true}]}}