{"id":127,"date":"2022-01-08T13:00:14","date_gmt":"2022-01-08T13:00:14","guid":{"rendered":"https:\/\/valentinocukraszda.hu\/?page_id=127"},"modified":"2024-12-05T21:44:17","modified_gmt":"2024-12-05T21:44:17","slug":"edes-sutemenyek","status":"publish","type":"page","link":"https:\/\/valentinocukraszda.hu\/index.php\/edes-sutemenyek\/","title":{"rendered":"\u00c9des s\u00fctem\u00e9nyek"},"content":{"rendered":"\t\t<div data-elementor-type=\"wp-page\" data-elementor-id=\"127\" class=\"elementor elementor-127\" data-elementor-post-type=\"page\">\n\t\t\t\t\t\t\t\t\t<section class=\"elementor-section elementor-top-section elementor-element elementor-element-f564f69 elementor-section-boxed elementor-section-height-default elementor-section-height-default\" data-id=\"f564f69\" data-element_type=\"section\">\n\t\t\t\t\t\t<div class=\"elementor-container elementor-column-gap-default\">\n\t\t\t\t\t<div class=\"elementor-column elementor-col-100 elementor-top-column elementor-element elementor-element-82453a1\" data-id=\"82453a1\" data-element_type=\"column\">\n\t\t\t<div class=\"elementor-widget-wrap elementor-element-populated\">\n\t\t\t\t\t\t\t\t<div class=\"elementor-element elementor-element-c1ab5e4 elementor-widget elementor-widget-heading\" data-id=\"c1ab5e4\" data-element_type=\"widget\" data-widget_type=\"heading.default\">\n\t\t\t\t<div class=\"elementor-widget-container\">\n\t\t\t<style>\/*! elementor - v3.16.0 - 20-09-2023 *\/\n.elementor-heading-title{padding:0;margin:0;line-height:1}.elementor-widget-heading .elementor-heading-title[class*=elementor-size-]>a{color:inherit;font-size:inherit;line-height:inherit}.elementor-widget-heading .elementor-heading-title.elementor-size-small{font-size:15px}.elementor-widget-heading .elementor-heading-title.elementor-size-medium{font-size:19px}.elementor-widget-heading .elementor-heading-title.elementor-size-large{font-size:29px}.elementor-widget-heading .elementor-heading-title.elementor-size-xl{font-size:39px}.elementor-widget-heading .elementor-heading-title.elementor-size-xxl{font-size:59px}<\/style><h1 class=\"elementor-heading-title elementor-size-default\">\u00c9des s\u00fctem\u00e9nyek<\/h1>\t\t<\/div>\n\t\t\t\t<\/div>\n\t\t\t\t\t<\/div>\n\t\t<\/div>\n\t\t\t\t\t\t\t<\/div>\n\t\t<\/section>\n\t\t\t\t<section class=\"elementor-section elementor-top-section elementor-element elementor-element-0ddba1e elementor-section-boxed elementor-section-height-default elementor-section-height-default\" data-id=\"0ddba1e\" data-element_type=\"section\">\n\t\t\t\t\t\t<div class=\"elementor-container elementor-column-gap-default\">\n\t\t\t\t\t<div class=\"elementor-column elementor-col-100 elementor-top-column elementor-element elementor-element-8b53d02\" data-id=\"8b53d02\" data-element_type=\"column\">\n\t\t\t<div class=\"elementor-widget-wrap elementor-element-populated\">\n\t\t\t\t\t\t\t\t<div class=\"elementor-element elementor-element-2416270 elementor-grid-4 elementor-grid-tablet-3 elementor-grid-mobile-2 elementor-products-grid elementor-wc-products elementor-show-pagination-border-yes elementor-widget elementor-widget-woocommerce-products\" data-id=\"2416270\" data-element_type=\"widget\" data-widget_type=\"woocommerce-products.default\">\n\t\t\t\t<div class=\"elementor-widget-container\">\n\t\t\t<link rel=\"stylesheet\" href=\"https:\/\/valentinocukraszda.hu\/wp-content\/plugins\/elementor-pro\/assets\/css\/widget-woocommerce.min.css\"><div class=\"woocommerce columns-4 \"><ul class=\"products elementor-grid columns-4\">\n<li class=\"product type-product post-1168 status-publish first instock product_cat-edesseg has-post-thumbnail product-type-simple\">\n\t<div class='flip-bottom'><img loading=\"lazy\" decoding=\"async\" width=\"300\" height=\"300\" src=\"https:\/\/valentinocukraszda.hu\/wp-content\/uploads\/2024\/04\/dios_hokifli-300x300.jpeg\" class=\"attachment-woocommerce_thumbnail size-woocommerce_thumbnail\" alt=\"\" srcset=\"https:\/\/valentinocukraszda.hu\/wp-content\/uploads\/2024\/04\/dios_hokifli-300x300.jpeg 300w, https:\/\/valentinocukraszda.hu\/wp-content\/uploads\/2024\/04\/dios_hokifli-150x150.jpeg 150w, https:\/\/valentinocukraszda.hu\/wp-content\/uploads\/2024\/04\/dios_hokifli-100x100.jpeg 100w\" sizes=\"auto, (max-width: 300px) 100vw, 300px\" \/><\/li>\n<li class=\"product type-product post-810 status-publish instock product_cat-edesseg has-post-thumbnail product-type-simple\">\n\t<div class='flip-bottom'><img loading=\"lazy\" decoding=\"async\" width=\"300\" height=\"300\" src=\"https:\/\/valentinocukraszda.hu\/wp-content\/uploads\/2022\/11\/suti-watermark-9-300x300.jpg\" class=\"attachment-woocommerce_thumbnail size-woocommerce_thumbnail\" alt=\"\" srcset=\"https:\/\/valentinocukraszda.hu\/wp-content\/uploads\/2022\/11\/suti-watermark-9-300x300.jpg 300w, https:\/\/valentinocukraszda.hu\/wp-content\/uploads\/2022\/11\/suti-watermark-9-150x150.jpg 150w, https:\/\/valentinocukraszda.hu\/wp-content\/uploads\/2022\/11\/suti-watermark-9-100x100.jpg 100w, https:\/\/valentinocukraszda.hu\/wp-content\/uploads\/2022\/11\/suti-watermark-9.jpg 500w\" sizes=\"auto, (max-width: 300px) 100vw, 300px\" \/><\/li>\n<li class=\"product type-product post-804 status-publish instock product_cat-edesseg has-post-thumbnail product-type-simple\">\n\t<div class='flip-bottom'><img loading=\"lazy\" decoding=\"async\" width=\"300\" height=\"300\" src=\"https:\/\/valentinocukraszda.hu\/wp-content\/uploads\/2022\/11\/suti-watermark-2-300x300.jpg\" class=\"attachment-woocommerce_thumbnail size-woocommerce_thumbnail\" alt=\"\" srcset=\"https:\/\/valentinocukraszda.hu\/wp-content\/uploads\/2022\/11\/suti-watermark-2-300x300.jpg 300w, https:\/\/valentinocukraszda.hu\/wp-content\/uploads\/2022\/11\/suti-watermark-2-150x150.jpg 150w, https:\/\/valentinocukraszda.hu\/wp-content\/uploads\/2022\/11\/suti-watermark-2-100x100.jpg 100w, https:\/\/valentinocukraszda.hu\/wp-content\/uploads\/2022\/11\/suti-watermark-2.jpg 500w\" sizes=\"auto, (max-width: 300px) 100vw, 300px\" \/><\/li>\n<li class=\"product type-product post-1164 status-publish last instock product_cat-edesseg has-post-thumbnail product-type-simple\">\n\t<div class='flip-bottom'><img loading=\"lazy\" decoding=\"async\" width=\"300\" height=\"300\" src=\"https:\/\/valentinocukraszda.hu\/wp-content\/uploads\/2024\/04\/izes_hokifli-300x300.jpeg\" class=\"attachment-woocommerce_thumbnail size-woocommerce_thumbnail\" alt=\"\" srcset=\"https:\/\/valentinocukraszda.hu\/wp-content\/uploads\/2024\/04\/izes_hokifli-300x300.jpeg 300w, https:\/\/valentinocukraszda.hu\/wp-content\/uploads\/2024\/04\/izes_hokifli-150x150.jpeg 150w, https:\/\/valentinocukraszda.hu\/wp-content\/uploads\/2024\/04\/izes_hokifli-100x100.jpeg 100w\" sizes=\"auto, (max-width: 300px) 100vw, 300px\" \/><\/li>\n<li class=\"product type-product post-808 status-publish first instock product_cat-edesseg has-post-thumbnail product-type-simple\">\n\t<div class='flip-bottom'><img loading=\"lazy\" decoding=\"async\" width=\"300\" height=\"300\" src=\"https:\/\/valentinocukraszda.hu\/wp-content\/uploads\/2022\/11\/suti-watermark-1-300x300.jpg\" class=\"attachment-woocommerce_thumbnail size-woocommerce_thumbnail\" alt=\"\" srcset=\"https:\/\/valentinocukraszda.hu\/wp-content\/uploads\/2022\/11\/suti-watermark-1-300x300.jpg 300w, https:\/\/valentinocukraszda.hu\/wp-content\/uploads\/2022\/11\/suti-watermark-1-150x150.jpg 150w, https:\/\/valentinocukraszda.hu\/wp-content\/uploads\/2022\/11\/suti-watermark-1-100x100.jpg 100w, https:\/\/valentinocukraszda.hu\/wp-content\/uploads\/2022\/11\/suti-watermark-1.jpg 500w\" sizes=\"auto, (max-width: 300px) 100vw, 300px\" \/><\/li>\n<li class=\"product type-product post-1160 status-publish instock product_cat-edesseg has-post-thumbnail product-type-simple\">\n\t<div class='flip-bottom'><img loading=\"lazy\" decoding=\"async\" width=\"300\" height=\"300\" src=\"https:\/\/valentinocukraszda.hu\/wp-content\/uploads\/2024\/04\/medvekorom-300x300.jpeg\" class=\"attachment-woocommerce_thumbnail size-woocommerce_thumbnail\" alt=\"\" srcset=\"https:\/\/valentinocukraszda.hu\/wp-content\/uploads\/2024\/04\/medvekorom-300x300.jpeg 300w, https:\/\/valentinocukraszda.hu\/wp-content\/uploads\/2024\/04\/medvekorom-150x150.jpeg 150w, https:\/\/valentinocukraszda.hu\/wp-content\/uploads\/2024\/04\/medvekorom-100x100.jpeg 100w\" sizes=\"auto, (max-width: 300px) 100vw, 300px\" \/><\/li>\n<li class=\"product type-product post-806 status-publish instock product_cat-edesseg has-post-thumbnail product-type-simple\">\n\t<div class='flip-bottom'><img loading=\"lazy\" decoding=\"async\" width=\"300\" height=\"300\" src=\"https:\/\/valentinocukraszda.hu\/wp-content\/uploads\/2022\/09\/img_1082_watermark-300x300.jpg\" class=\"attachment-woocommerce_thumbnail size-woocommerce_thumbnail\" alt=\"\" srcset=\"https:\/\/valentinocukraszda.hu\/wp-content\/uploads\/2022\/09\/img_1082_watermark-300x300.jpg 300w, https:\/\/valentinocukraszda.hu\/wp-content\/uploads\/2022\/09\/img_1082_watermark-150x150.jpg 150w, https:\/\/valentinocukraszda.hu\/wp-content\/uploads\/2022\/09\/img_1082_watermark-100x100.jpg 100w, https:\/\/valentinocukraszda.hu\/wp-content\/uploads\/2022\/09\/img_1082_watermark.jpg 500w\" sizes=\"auto, (max-width: 300px) 100vw, 300px\" \/><\/li>\n<li class=\"product type-product post-1162 status-publish last instock product_cat-edesseg has-post-thumbnail product-type-simple\">\n\t<div class='flip-bottom'><img loading=\"lazy\" decoding=\"async\" width=\"300\" height=\"300\" src=\"https:\/\/valentinocukraszda.hu\/wp-content\/uploads\/2024\/04\/mezeskremes-300x300.jpeg\" class=\"attachment-woocommerce_thumbnail size-woocommerce_thumbnail\" alt=\"\" srcset=\"https:\/\/valentinocukraszda.hu\/wp-content\/uploads\/2024\/04\/mezeskremes-300x300.jpeg 300w, https:\/\/valentinocukraszda.hu\/wp-content\/uploads\/2024\/04\/mezeskremes-150x150.jpeg 150w, https:\/\/valentinocukraszda.hu\/wp-content\/uploads\/2024\/04\/mezeskremes-100x100.jpeg 100w\" sizes=\"auto, (max-width: 300px) 100vw, 300px\" \/><\/li>\n<li class=\"product type-product post-811 status-publish first instock product_cat-edesseg has-post-thumbnail product-type-simple\">\n\t<div class='flip-bottom'><img loading=\"lazy\" decoding=\"async\" width=\"300\" height=\"300\" src=\"https:\/\/valentinocukraszda.hu\/wp-content\/uploads\/2022\/11\/suti-watermark-8-300x300.jpg\" class=\"attachment-woocommerce_thumbnail size-woocommerce_thumbnail\" alt=\"\" srcset=\"https:\/\/valentinocukraszda.hu\/wp-content\/uploads\/2022\/11\/suti-watermark-8-300x300.jpg 300w, https:\/\/valentinocukraszda.hu\/wp-content\/uploads\/2022\/11\/suti-watermark-8-150x150.jpg 150w, https:\/\/valentinocukraszda.hu\/wp-content\/uploads\/2022\/11\/suti-watermark-8-100x100.jpg 100w, https:\/\/valentinocukraszda.hu\/wp-content\/uploads\/2022\/11\/suti-watermark-8.jpg 500w\" sizes=\"auto, (max-width: 300px) 100vw, 300px\" \/><\/li>\n<li class=\"product type-product post-805 status-publish instock product_cat-edesseg has-post-thumbnail product-type-simple\">\n\t<div class='flip-bottom'><img loading=\"lazy\" decoding=\"async\" width=\"300\" height=\"300\" src=\"https:\/\/valentinocukraszda.hu\/wp-content\/uploads\/2022\/09\/img_1077_watermark-300x300.jpg\" class=\"attachment-woocommerce_thumbnail size-woocommerce_thumbnail\" alt=\"\" srcset=\"https:\/\/valentinocukraszda.hu\/wp-content\/uploads\/2022\/09\/img_1077_watermark-300x300.jpg 300w, https:\/\/valentinocukraszda.hu\/wp-content\/uploads\/2022\/09\/img_1077_watermark-150x150.jpg 150w, https:\/\/valentinocukraszda.hu\/wp-content\/uploads\/2022\/09\/img_1077_watermark-100x100.jpg 100w, https:\/\/valentinocukraszda.hu\/wp-content\/uploads\/2022\/09\/img_1077_watermark.jpg 500w\" sizes=\"auto, (max-width: 300px) 100vw, 300px\" \/><\/li>\n<li class=\"product type-product post-807 status-publish instock product_cat-edesseg has-post-thumbnail product-type-simple\">\n\t<div class='flip-bottom'><img loading=\"lazy\" decoding=\"async\" width=\"300\" height=\"300\" src=\"https:\/\/valentinocukraszda.hu\/wp-content\/uploads\/2022\/11\/suti-watermark-5-300x300.jpg\" class=\"attachment-woocommerce_thumbnail size-woocommerce_thumbnail\" alt=\"\" srcset=\"https:\/\/valentinocukraszda.hu\/wp-content\/uploads\/2022\/11\/suti-watermark-5-300x300.jpg 300w, https:\/\/valentinocukraszda.hu\/wp-content\/uploads\/2022\/11\/suti-watermark-5-150x150.jpg 150w, https:\/\/valentinocukraszda.hu\/wp-content\/uploads\/2022\/11\/suti-watermark-5-100x100.jpg 100w, https:\/\/valentinocukraszda.hu\/wp-content\/uploads\/2022\/11\/suti-watermark-5.jpg 500w\" sizes=\"auto, (max-width: 300px) 100vw, 300px\" \/><\/li>\n<li class=\"product type-product post-1166 status-publish last instock product_cat-edesseg has-post-thumbnail product-type-simple\">\n\t<div class='flip-bottom'><img loading=\"lazy\" decoding=\"async\" width=\"300\" height=\"300\" src=\"https:\/\/valentinocukraszda.hu\/wp-content\/uploads\/2024\/04\/szilvalekvaros_hokifli-300x300.jpeg\" class=\"attachment-woocommerce_thumbnail size-woocommerce_thumbnail\" alt=\"\" srcset=\"https:\/\/valentinocukraszda.hu\/wp-content\/uploads\/2024\/04\/szilvalekvaros_hokifli-300x300.jpeg 300w, https:\/\/valentinocukraszda.hu\/wp-content\/uploads\/2024\/04\/szilvalekvaros_hokifli-150x150.jpeg 150w, https:\/\/valentinocukraszda.hu\/wp-content\/uploads\/2024\/04\/szilvalekvaros_hokifli-100x100.jpeg 100w\" sizes=\"auto, (max-width: 300px) 100vw, 300px\" \/><\/li>\n<li class=\"product type-product post-809 status-publish first instock product_cat-edesseg has-post-thumbnail product-type-simple\">\n\t<div class='flip-bottom'><img loading=\"lazy\" decoding=\"async\" width=\"300\" height=\"300\" src=\"https:\/\/valentinocukraszda.hu\/wp-content\/uploads\/2022\/11\/suti-watermark-3-300x300.jpg\" class=\"attachment-woocommerce_thumbnail size-woocommerce_thumbnail\" alt=\"\" srcset=\"https:\/\/valentinocukraszda.hu\/wp-content\/uploads\/2022\/11\/suti-watermark-3-300x300.jpg 300w, https:\/\/valentinocukraszda.hu\/wp-content\/uploads\/2022\/11\/suti-watermark-3-150x150.jpg 150w, https:\/\/valentinocukraszda.hu\/wp-content\/uploads\/2022\/11\/suti-watermark-3-100x100.jpg 100w, https:\/\/valentinocukraszda.hu\/wp-content\/uploads\/2022\/11\/suti-watermark-3.jpg 500w\" sizes=\"auto, (max-width: 300px) 100vw, 300px\" \/><\/li>\n<li class=\"product type-product post-796 status-publish instock product_cat-edesseg has-post-thumbnail product-type-simple\">\n\t<div class='flip-bottom'><img loading=\"lazy\" decoding=\"async\" width=\"300\" height=\"300\" src=\"https:\/\/valentinocukraszda.hu\/wp-content\/uploads\/2022\/11\/suti-watermark-4-300x300.jpg\" class=\"attachment-woocommerce_thumbnail size-woocommerce_thumbnail\" alt=\"\" srcset=\"https:\/\/valentinocukraszda.hu\/wp-content\/uploads\/2022\/11\/suti-watermark-4-300x300.jpg 300w, https:\/\/valentinocukraszda.hu\/wp-content\/uploads\/2022\/11\/suti-watermark-4-150x150.jpg 150w, https:\/\/valentinocukraszda.hu\/wp-content\/uploads\/2022\/11\/suti-watermark-4-100x100.jpg 100w, https:\/\/valentinocukraszda.hu\/wp-content\/uploads\/2022\/11\/suti-watermark-4.jpg 500w\" sizes=\"auto, (max-width: 300px) 100vw, 300px\" \/><\/li>\n<\/ul>\n<\/div>\t\t<\/div>\n\t\t\t\t<\/div>\n\t\t\t\t\t<\/div>\n\t\t<\/div>\n\t\t\t\t\t\t\t<\/div>\n\t\t<\/section>\n\t\t\t\t\t\t\t<\/div>\n\t\t","protected":false},"excerpt":{"rendered":"<p>\u00c9des s\u00fctem\u00e9nyek<\/p>\n","protected":false},"author":3,"featured_media":0,"parent":0,"menu_order":0,"comment_status":"closed","ping_status":"closed","template":"","meta":{"footnotes":""},"class_list":["post-127","page","type-page","status-publish","hentry"],"_links":{"self":[{"href":"https:\/\/valentinocukraszda.hu\/index.php\/wp-json\/wp\/v2\/pages\/127","targetHints":{"allow":["GET"]}}],"collection":[{"href":"https:\/\/valentinocukraszda.hu\/index.php\/wp-json\/wp\/v2\/pages"}],"about":[{"href":"https:\/\/valentinocukraszda.hu\/index.php\/wp-json\/wp\/v2\/types\/page"}],"author":[{"embeddable":true,"href":"https:\/\/valentinocukraszda.hu\/index.php\/wp-json\/wp\/v2\/users\/3"}],"replies":[{"embeddable":true,"href":"https:\/\/valentinocukraszda.hu\/index.php\/wp-json\/wp\/v2\/comments?post=127"}],"version-history":[{"count":9,"href":"https:\/\/valentinocukraszda.hu\/index.php\/wp-json\/wp\/v2\/pages\/127\/revisions"}],"predecessor-version":[{"id":4740,"href":"https:\/\/valentinocukraszda.hu\/index.php\/wp-json\/wp\/v2\/pages\/127\/revisions\/4740"}],"wp:attachment":[{"href":"https:\/\/valentinocukraszda.hu\/index.php\/wp-json\/wp\/v2\/media?parent=127"}],"curies":[{"name":"wp","href":"https:\/\/api.w.org\/{rel}","templated":true}]}}